{"id":2,"date":"2024-03-23T21:00:07","date_gmt":"2024-03-24T00:00:07","guid":{"rendered":"http:\/\/licaartefestas.com.br\/?page_id=2"},"modified":"2024-06-02T15:55:33","modified_gmt":"2024-06-02T18:55:33","slug":"quem-sou-eu","status":"publish","type":"page","link":"https:\/\/licaartefestas.com.br\/index.php\/quem-sou-eu\/","title":{"rendered":"Quem sou eu?"},"content":{"rendered":"\n<p class=\"has-text-align-left\"><img loading=\"lazy\" decoding=\"async\" width=\"200\" height=\"356\" class=\"wp-image-23\" style=\"width: 200px;\" src=\"https:\/\/licaartefestas.com.br\/wp-content\/uploads\/2024\/05\/20240101_130024-removebg.png\" alt=\"\" srcset=\"https:\/\/licaartefestas.com.br\/wp-content\/uploads\/2024\/05\/20240101_130024-removebg.png 1656w, https:\/\/licaartefestas.com.br\/wp-content\/uploads\/2024\/05\/20240101_130024-removebg-169x300.png 169w, https:\/\/licaartefestas.com.br\/wp-content\/uploads\/2024\/05\/20240101_130024-removebg-576x1024.png 576w, https:\/\/licaartefestas.com.br\/wp-content\/uploads\/2024\/05\/20240101_130024-removebg-768x1365.png 768w, https:\/\/licaartefestas.com.br\/wp-content\/uploads\/2024\/05\/20240101_130024-removebg-864x1536.png 864w, https:\/\/licaartefestas.com.br\/wp-content\/uploads\/2024\/05\/20240101_130024-removebg-1152x2048.png 1152w, https:\/\/licaartefestas.com.br\/wp-content\/uploads\/2024\/05\/20240101_130024-removebg-300x533.png 300w, https:\/\/licaartefestas.com.br\/wp-content\/uploads\/2024\/05\/20240101_130024-removebg-850x1511.png 850w\" sizes=\"auto, (max-width: 200px) 100vw, 200px\" \/><\/p>\n\n\n\n<p class=\"has-text-color has-link-color wp-elements-ffec55889229ddac34541fc48c3e93ec\" style=\"color:#8c5c42\"><strong><em>Ol\u00e1,<\/em><\/strong><\/p>\n\n\n\n<p class=\"has-text-color has-link-color wp-elements-e920cd4e36113d1b6abce065a41fd4b1\" style=\"color:#8c5c42\"><strong><em>Seja muito bem-vindo(a) ao meu espa\u00e7o de compartilhamento de conte\u00fado. Aqui voc\u00ea encontrar\u00e1 os moldes das aulas publicadas em minhas redes sociais e no meu canal do <a href=\"https:\/\/www.youtube.com\/@licaartefestas\">Youtube<\/a>.<\/em><\/strong><\/p>\n\n\n\n<p class=\"has-text-color has-link-color wp-elements-d04bdf956937e4940e7ae91f8f28c354\" style=\"color:#8c5c42\"><strong><em>Caso voc\u00ea n\u00e3o me conhe\u00e7a, o meu nome \u00e9 Elise, mais conhecida como Lica, da \u201cLica Arte Festas\u201d. Eu sou uma artes\u00e3 (com muito orgulho), que trabalha com pe\u00e7as em feltro, tecido e EVA, para decora\u00e7\u00e3o festas, quartos de beb\u00ea e mais o que a imagina\u00e7\u00e3o permitir.<\/em><\/strong><\/p>\n\n\n\n<p class=\"has-text-color has-link-color wp-elements-c4b8c793417da4895a7080208d64e645\" style=\"color:#8c5c42\"><strong><em>Sou uma pessoa criativa, que est\u00e1 sempre em busca de novas inspira\u00e7\u00f5es e enquanto n\u00e3o consigo dar vida a tudo que imagino, minha mente permanece inquieta!<\/em><\/strong><\/p>\n\n\n\n<p class=\"has-text-color has-link-color wp-elements-802f3186587f36907207029106ca2575\" style=\"color:#8c5c42\"><strong><em>Conhe\u00e7a tamb\u00e9m a nossa loja no Elo7, com produtos \u00e0 pronta-entrega e sob encomenda, clicando <a href=\"https:\/\/www.elo7.com.br\/licaartefestas\" data-type=\"link\" data-id=\"https:\/\/www.elo7.com.br\/licaartefestas\">Aqui!<\/a><\/em><\/strong><\/p>\n","protected":false},"excerpt":{"rendered":"<p>Ol\u00e1, Seja muito bem-vindo(a) ao meu espa\u00e7o de compartilhamento de conte\u00fado. Aqui voc\u00ea encontrar\u00e1 os moldes das aulas publicadas em minhas redes sociais e no meu canal do Youtube. Caso voc\u00ea n\u00e3o me conhe\u00e7a, o meu nome \u00e9 Elise, mais conhecida como Lica, da \u201cLica Arte Festas\u201d. Eu sou uma artes\u00e3 (com muito orgulho), que&#8230;<\/p>\n","protected":false},"author":1,"featured_media":0,"parent":0,"menu_order":0,"comment_status":"closed","ping_status":"open","template":"","meta":{"footnotes":""},"class_list":["post-2","page","type-page","status-publish","hentry"],"_links":{"self":[{"href":"https:\/\/licaartefestas.com.br\/index.php\/wp-json\/wp\/v2\/pages\/2","targetHints":{"allow":["GET"]}}],"collection":[{"href":"https:\/\/licaartefestas.com.br\/index.php\/wp-json\/wp\/v2\/pages"}],"about":[{"href":"https:\/\/licaartefestas.com.br\/index.php\/wp-json\/wp\/v2\/types\/page"}],"author":[{"embeddable":true,"href":"https:\/\/licaartefestas.com.br\/index.php\/wp-json\/wp\/v2\/users\/1"}],"replies":[{"embeddable":true,"href":"https:\/\/licaartefestas.com.br\/index.php\/wp-json\/wp\/v2\/comments?post=2"}],"version-history":[{"count":2,"href":"https:\/\/licaartefestas.com.br\/index.php\/wp-json\/wp\/v2\/pages\/2\/revisions"}],"predecessor-version":[{"id":164,"href":"https:\/\/licaartefestas.com.br\/index.php\/wp-json\/wp\/v2\/pages\/2\/revisions\/164"}],"wp:attachment":[{"href":"https:\/\/licaartefestas.com.br\/index.php\/wp-json\/wp\/v2\/media?parent=2"}],"curies":[{"name":"wp","href":"https:\/\/api.w.org\/{rel}","templated":true}]}}